{"id":8,"date":"2016-10-14T15:05:05","date_gmt":"2016-10-14T13:05:05","guid":{"rendered":"http:\/\/dpsf35-asso.fr\/?page_id=8"},"modified":"2021-11-03T12:12:21","modified_gmt":"2021-11-03T11:12:21","slug":"lassociation","status":"publish","type":"page","link":"https:\/\/dpsf35-asso.fr\/index.php\/lassociation\/","title":{"rendered":"L&rsquo;association"},"content":{"rendered":"<p>L&rsquo;association, cr\u00e9\u00e9e en 1993, a pour but de s&rsquo;opposer \u00e0 l&rsquo;ouverture et \u00e0 l&rsquo;exploitation de carri\u00e8res et \u00e0 l&rsquo;extraction de tous mat\u00e9riaux g\u00e9ologiques sur le site de La Haye, La Fouaye et ses environs.\u00a0Elle sensibilise les habitants de Pac\u00e9, Saint-Gilles et L&rsquo;Hermitage aux nuisances que pourrait provoquer ce genre d&rsquo;exploitation, et f\u00e9d\u00e8re les partenaires (notamment les \u00e9lus, les associations) contre ce projet.<\/p>\n<p><strong>Pour adh\u00e9rer \u00e0 l&rsquo;association<\/strong>, vous pouvez t\u00e9l\u00e9charger le bulletin d&rsquo;adh\u00e9sion via ce lien :<br \/>\n<a href=\"https:\/\/dpsf35-asso.fr\/wp-content\/uploads\/2021\/11\/Bulletin-adhesion-DPSF-2022.pdf\">Bulletin adh\u00e9sion DPSF 2022<\/a><\/p>\n<p>Membres du Conseil d&rsquo;Administration et du Bureau de l&rsquo;association :<\/p>\n<p><img loading=\"lazy\" class=\"alignnone wp-image-140\" src=\"https:\/\/dpsf35-asso.fr\/wp-content\/uploads\/2016\/10\/Bureau-3.jpg\" alt=\"\" width=\"482\" height=\"626\" srcset=\"https:\/\/dpsf35-asso.fr\/wp-content\/uploads\/2016\/10\/Bureau-3.jpg 468w, https:\/\/dpsf35-asso.fr\/wp-content\/uploads\/2016\/10\/Bureau-3-231x300.jpg 231w\" sizes=\"(max-width: 482px) 100vw, 482px\" \/><br \/>\n<img loading=\"lazy\" class=\"alignnone wp-image-138\" src=\"https:\/\/dpsf35-asso.fr\/wp-content\/uploads\/2016\/10\/CA-hors-bureau-1.jpg\" alt=\"\" width=\"479\" height=\"609\" srcset=\"https:\/\/dpsf35-asso.fr\/wp-content\/uploads\/2016\/10\/CA-hors-bureau-1.jpg 485w, https:\/\/dpsf35-asso.fr\/wp-content\/uploads\/2016\/10\/CA-hors-bureau-1-236x300.jpg 236w\" sizes=\"(max-width: 479px) 100vw, 479px\" \/><\/p>\n","protected":false},"excerpt":{"rendered":"<p>L&rsquo;association, cr\u00e9\u00e9e en 1993, a pour but de s&rsquo;opposer \u00e0 l&rsquo;ouverture et \u00e0 l&rsquo;exploitation de carri\u00e8res et \u00e0 l&rsquo;extraction de tous mat\u00e9riaux g\u00e9ologiques sur le site de La Haye, La Fouaye et ses environs.\u00a0Elle sensibilise les habitants de Pac\u00e9, Saint-Gilles et L&rsquo;Hermitage aux nuisances que pourrait provoquer ce genre d&rsquo;exploitation, et f\u00e9d\u00e8re les partenaires (notamment &hellip; <a href=\"https:\/\/dpsf35-asso.fr\/index.php\/lassociation\/\" class=\"more-link\">Continuer la lecture de <span class=\"screen-reader-text\">L&rsquo;association<\/span>  <span class=\"meta-nav\">&rarr;<\/span><\/a><\/p>\n","protected":false},"author":1,"featured_media":0,"parent":0,"menu_order":0,"comment_status":"closed","ping_status":"closed","template":"","meta":[],"_links":{"self":[{"href":"https:\/\/dpsf35-asso.fr\/index.php\/wp-json\/wp\/v2\/pages\/8"}],"collection":[{"href":"https:\/\/dpsf35-asso.fr\/index.php\/wp-json\/wp\/v2\/pages"}],"about":[{"href":"https:\/\/dpsf35-asso.fr\/index.php\/wp-json\/wp\/v2\/types\/page"}],"author":[{"embeddable":true,"href":"https:\/\/dpsf35-asso.fr\/index.php\/wp-json\/wp\/v2\/users\/1"}],"replies":[{"embeddable":true,"href":"https:\/\/dpsf35-asso.fr\/index.php\/wp-json\/wp\/v2\/comments?post=8"}],"version-history":[{"count":12,"href":"https:\/\/dpsf35-asso.fr\/index.php\/wp-json\/wp\/v2\/pages\/8\/revisions"}],"predecessor-version":[{"id":266,"href":"https:\/\/dpsf35-asso.fr\/index.php\/wp-json\/wp\/v2\/pages\/8\/revisions\/266"}],"wp:attachment":[{"href":"https:\/\/dpsf35-asso.fr\/index.php\/wp-json\/wp\/v2\/media?parent=8"}],"curies":[{"name":"wp","href":"https:\/\/api.w.org\/{rel}","templated":true}]}}